{"id":1547,"date":"2024-02-17T21:07:20","date_gmt":"2024-02-17T21:07:20","guid":{"rendered":"https:\/\/iptvmaxx.es\/?page_id=1547"},"modified":"2024-03-02T17:58:53","modified_gmt":"2024-03-02T17:58:53","slug":"conditions-generales-de-vente","status":"publish","type":"page","link":"https:\/\/iptvmaxx.es\/es\/conditions-generales-de-vente\/","title":{"rendered":"Condiciones generales de venta"},"content":{"rendered":"<p>Condiciones Generales de Venta (CGV) de IPTVMAXX<\/p>\n\n\n\n<p>\u00a1Bienvenidos a IPTVMAXX! Por favor lea atentamente las siguientes condiciones generales de venta (CGV) antes de utilizar nuestro sitio web o suscribirse a nuestros servicios. Al utilizar el sitio IPTVMAXX y comprar nuestras suscripciones de IPTV, usted acepta estar sujeto a estos t\u00e9rminos.<\/p>\n\n\n\n<p>Aceptaci\u00f3n de las Condiciones:<\/p>\n\n\n\n<p>Al utilizar nuestro sitio o suscribirse a nuestros servicios, usted acepta estar sujeto a estas condiciones generales de venta, as\u00ed como a nuestra pol\u00edtica de confidencialidad.<br>Si no est\u00e1 de acuerdo con estos t\u00e9rminos, no utilice nuestro sitio ni nuestros servicios.<br>Descripci\u00f3n de los Servicios:<\/p>\n\n\n\n<p>IPTVMAXX ofrece suscripciones a IPTV que brindan acceso a una amplia gama de canales de televisi\u00f3n, pel\u00edculas y otros contenidos audiovisuales a trav\u00e9s de Internet.<br>Los detalles espec\u00edficos de la suscripci\u00f3n, incluidos precios y t\u00e9rminos de uso, est\u00e1n disponibles en nuestro sitio web.<br>Pedidos y Pagos:<\/p>\n\n\n\n<p>Para realizar un pedido, debe proporcionar informaci\u00f3n personal precisa, incluido su nombre, direcci\u00f3n de correo electr\u00f3nico y detalles de pago.<br>Al realizar un pedido, usted declara que est\u00e1 legalmente autorizado a utilizar la informaci\u00f3n de pago proporcionada.<br>Los pagos se procesan de forma segura a trav\u00e9s de nuestro procesador de pagos. Al realizar un pedido, usted acepta pagar el precio indicado, incluidos todos los impuestos aplicables.<br>Entrega y Disponibilidad:<\/p>\n\n\n\n<p>Las suscripciones a IPTV generalmente se entregan electr\u00f3nicamente por correo electr\u00f3nico o a trav\u00e9s de nuestra plataforma en l\u00ednea despu\u00e9s de la confirmaci\u00f3n del pago.<br>IPTVMAXX se esfuerza por garantizar la disponibilidad constante de sus servicios, pero no puede garantizar una disponibilidad ininterrumpida y no ser\u00e1 responsable de interrupciones imprevistas del servicio.<br>Uso de los Servicios:<\/p>\n\n\n\n<p>Usted acepta utilizar nuestros Servicios de acuerdo con las leyes aplicables y estos T\u00e9rminos y condiciones.<br>Usted es responsable de mantener la confidencialidad de la informaci\u00f3n de su cuenta y restringir el acceso a su cuenta.<br>Acepta no utilizar nuestros servicios para ning\u00fan prop\u00f3sito ilegal o fraudulento, incluida la violaci\u00f3n de derechos de autor u otros derechos de propiedad intelectual.<br>Cambios a las Condiciones:<\/p>\n\n\n\n<p>IPTVMAXX se reserva el derecho de modificar las presentes condiciones generales de venta en cualquier momento. Cualquier cambio se publicar\u00e1 en nuestro sitio web y entrar\u00e1 en vigor inmediatamente despu\u00e9s de su publicaci\u00f3n.<br>Al utilizar el sitio IPTVMAXX y suscribirse a nuestros servicios, acepta estas condiciones generales de venta. Si tiene alguna pregunta o duda, p\u00f3ngase en contacto con nosotros en la direcci\u00f3n de correo electr\u00f3nico info@iptvmaxx.es.<\/p>","protected":false},"excerpt":{"rendered":"<p>Condiciones Generales de Venta (CGV) de IPTVMAXX \u00a1Bienvenidos a IPTVMAXX! Por favor lea atentamente las siguientes condiciones generales de venta (CGV) antes de utilizar nuestro sitio web o suscribirse a nuestros servicios. Al utilizar el sitio IPTVMAXX y comprar nuestras suscripciones de IPTV, usted acepta estar sujeto a estos t\u00e9rminos. Aceptaci\u00f3n de las Condiciones: Al [&hellip;]<\/p>","protected":false},"author":3,"featured_media":0,"parent":0,"menu_order":0,"comment_status":"closed","ping_status":"closed","template":"simple-content.php","meta":{"_acf_changed":false,"_uag_custom_page_level_css":"","footnotes":""},"acf":[],"uagb_featured_image_src":{"full":false,"thumbnail":false,"medium":false,"medium_large":false,"large":false,"1536x1536":false,"2048x2048":false,"trp-custom-language-flag":false,"woocommerce_thumbnail":false,"woocommerce_single":false,"woocommerce_gallery_thumbnail":false},"uagb_author_info":{"display_name":"mehdi bensouna","author_link":"https:\/\/iptvmaxx.es\/es\/author\/mehdi\/"},"uagb_comment_info":0,"uagb_excerpt":"Condiciones Generales de Venta (CGV) de IPTVMAXX \u00a1Bienvenidos a IPTVMAXX! Por favor lea atentamente las siguientes condiciones generales de venta (CGV) antes de utilizar nuestro sitio web o suscribirse a nuestros servicios. Al utilizar el sitio IPTVMAXX y comprar nuestras suscripciones de IPTV, usted acepta estar sujeto a estos t\u00e9rminos. Aceptaci\u00f3n de las Condiciones: Al&hellip;","_links":{"self":[{"href":"https:\/\/iptvmaxx.es\/es\/wp-json\/wp\/v2\/pages\/1547"}],"collection":[{"href":"https:\/\/iptvmaxx.es\/es\/wp-json\/wp\/v2\/pages"}],"about":[{"href":"https:\/\/iptvmaxx.es\/es\/wp-json\/wp\/v2\/types\/page"}],"author":[{"embeddable":true,"href":"https:\/\/iptvmaxx.es\/es\/wp-json\/wp\/v2\/users\/3"}],"replies":[{"embeddable":true,"href":"https:\/\/iptvmaxx.es\/es\/wp-json\/wp\/v2\/comments?post=1547"}],"version-history":[{"count":1,"href":"https:\/\/iptvmaxx.es\/es\/wp-json\/wp\/v2\/pages\/1547\/revisions"}],"predecessor-version":[{"id":1626,"href":"https:\/\/iptvmaxx.es\/es\/wp-json\/wp\/v2\/pages\/1547\/revisions\/1626"}],"wp:attachment":[{"href":"https:\/\/iptvmaxx.es\/es\/wp-json\/wp\/v2\/media?parent=1547"}],"curies":[{"name":"wp","href":"https:\/\/api.w.org\/{rel}","templated":true}]}}